{"id":4434,"date":"2026-02-13T19:03:32","date_gmt":"2026-02-13T18:03:32","guid":{"rendered":"https:\/\/lazerupsolution.com\/?page_id=4434"},"modified":"2026-02-13T19:05:01","modified_gmt":"2026-02-13T18:05:01","slug":"page-de-reservation-canna","status":"publish","type":"page","link":"https:\/\/lazerupsolution.com\/index.php\/page-de-reservation-canna\/","title":{"rendered":"page de reservation canna"},"content":{"rendered":"\t\t<div data-elementor-type=\"wp-page\" data-elementor-id=\"4434\" class=\"elementor elementor-4434\" data-elementor-post-type=\"page\">\n\t\t\t\t<div class=\"elementor-element elementor-element-4870def e-flex e-con-boxed e-con e-parent\" data-id=\"4870def\" data-element_type=\"container\" data-e-type=\"container\">\n\t\t\t\t\t<div class=\"e-con-inner\">\n\t\t\t\t<div class=\"elementor-element elementor-element-c728399 elementor-widget elementor-widget-html\" data-id=\"c728399\" data-element_type=\"widget\" data-e-type=\"widget\" data-widget_type=\"html.default\">\n\t\t\t\t<div class=\"elementor-widget-container\">\n\t\t\t\t\t<!-- D\u00e9but de widget en ligne Calendly -->\n<div class=\"calendly-inline-widget\" data-url=\"https:\/\/calendly.com\/lazerupsolution\/cannabis-offre-tik\" style=\"min-width:320px;height:700px;\"><\/div>\n<script type=\"text\/javascript\" src=\"https:\/\/assets.calendly.com\/assets\/external\/widget.js\" async><\/script>\n<!-- Fin de widget en ligne Calendly -->\t\t\t\t<\/div>\n\t\t\t\t<\/div>\n\t\t\t\t\t<\/div>\n\t\t\t\t<\/div>\n\t\t\t\t<\/div>\n\t\t","protected":false},"excerpt":{"rendered":"","protected":false},"author":1,"featured_media":0,"parent":0,"menu_order":0,"comment_status":"closed","ping_status":"closed","template":"elementor_canvas","meta":{"footnotes":""},"class_list":["post-4434","page","type-page","status-publish","hentry"],"yoast_head":"<!-- This site is optimized with the Yoast SEO plugin v27.4 - https:\/\/yoast.com\/product\/yoast-seo-wordpress\/ -->\n<title>page de reservation canna - Lazer&#039;Up Solution<\/title>\n<meta name=\"robots\" content=\"index, follow, max-snippet:-1, max-image-preview:large, max-video-preview:-1\" \/>\n<link rel=\"canonical\" href=\"https:\/\/lazerupsolution.com\/index.php\/page-de-reservation-canna\/\" \/>\n<meta property=\"og:locale\" content=\"fr_FR\" \/>\n<meta property=\"og:type\" content=\"article\" \/>\n<meta property=\"og:title\" content=\"page de reservation canna - Lazer&#039;Up Solution\" \/>\n<meta property=\"og:url\" content=\"https:\/\/lazerupsolution.com\/index.php\/page-de-reservation-canna\/\" \/>\n<meta property=\"og:site_name\" content=\"Lazer&#039;Up Solution\" \/>\n<meta property=\"article:modified_time\" content=\"2026-02-13T18:05:01+00:00\" \/>\n<meta name=\"twitter:card\" content=\"summary_large_image\" \/>\n<script type=\"application\/ld+json\" class=\"yoast-schema-graph\">{\"@context\":\"https:\\\/\\\/schema.org\",\"@graph\":[{\"@type\":\"WebPage\",\"@id\":\"https:\\\/\\\/lazerupsolution.com\\\/index.php\\\/page-de-reservation-canna\\\/\",\"url\":\"https:\\\/\\\/lazerupsolution.com\\\/index.php\\\/page-de-reservation-canna\\\/\",\"name\":\"page de reservation canna - Lazer&#039;Up Solution\",\"isPartOf\":{\"@id\":\"https:\\\/\\\/lazerupsolution.com\\\/#website\"},\"datePublished\":\"2026-02-13T18:03:32+00:00\",\"dateModified\":\"2026-02-13T18:05:01+00:00\",\"breadcrumb\":{\"@id\":\"https:\\\/\\\/lazerupsolution.com\\\/index.php\\\/page-de-reservation-canna\\\/#breadcrumb\"},\"inLanguage\":\"fr-FR\",\"potentialAction\":[{\"@type\":\"ReadAction\",\"target\":[\"https:\\\/\\\/lazerupsolution.com\\\/index.php\\\/page-de-reservation-canna\\\/\"]}]},{\"@type\":\"BreadcrumbList\",\"@id\":\"https:\\\/\\\/lazerupsolution.com\\\/index.php\\\/page-de-reservation-canna\\\/#breadcrumb\",\"itemListElement\":[{\"@type\":\"ListItem\",\"position\":1,\"name\":\"Accueil\",\"item\":\"https:\\\/\\\/lazerupsolution.com\\\/\"},{\"@type\":\"ListItem\",\"position\":2,\"name\":\"page de reservation canna\"}]},{\"@type\":\"WebSite\",\"@id\":\"https:\\\/\\\/lazerupsolution.com\\\/#website\",\"url\":\"https:\\\/\\\/lazerupsolution.com\\\/\",\"name\":\"Lazer&#039;Up Solution\",\"description\":\"Le centre th\u00e9rapeutique sp\u00e9cialis\u00e9 dans le traitement des addictions\",\"publisher\":{\"@id\":\"https:\\\/\\\/lazerupsolution.com\\\/#organization\"},\"potentialAction\":[{\"@type\":\"SearchAction\",\"target\":{\"@type\":\"EntryPoint\",\"urlTemplate\":\"https:\\\/\\\/lazerupsolution.com\\\/?s={search_term_string}\"},\"query-input\":{\"@type\":\"PropertyValueSpecification\",\"valueRequired\":true,\"valueName\":\"search_term_string\"}}],\"inLanguage\":\"fr-FR\"},{\"@type\":\"Organization\",\"@id\":\"https:\\\/\\\/lazerupsolution.com\\\/#organization\",\"name\":\"Lazer&#039;Up Solution\",\"url\":\"https:\\\/\\\/lazerupsolution.com\\\/\",\"logo\":{\"@type\":\"ImageObject\",\"inLanguage\":\"fr-FR\",\"@id\":\"https:\\\/\\\/lazerupsolution.com\\\/#\\\/schema\\\/logo\\\/image\\\/\",\"url\":\"https:\\\/\\\/lazerupsolution.com\\\/wp-content\\\/uploads\\\/2025\\\/04\\\/Plan-de-travail-9_2.png\",\"contentUrl\":\"https:\\\/\\\/lazerupsolution.com\\\/wp-content\\\/uploads\\\/2025\\\/04\\\/Plan-de-travail-9_2.png\",\"width\":2470,\"height\":993,\"caption\":\"Lazer&#039;Up Solution\"},\"image\":{\"@id\":\"https:\\\/\\\/lazerupsolution.com\\\/#\\\/schema\\\/logo\\\/image\\\/\"}}]}<\/script>\n<!-- \/ Yoast SEO plugin. -->","yoast_head_json":{"title":"page de reservation canna - Lazer&#039;Up Solution","robots":{"index":"index","follow":"follow","max-snippet":"max-snippet:-1","max-image-preview":"max-image-preview:large","max-video-preview":"max-video-preview:-1"},"canonical":"https:\/\/lazerupsolution.com\/index.php\/page-de-reservation-canna\/","og_locale":"fr_FR","og_type":"article","og_title":"page de reservation canna - Lazer&#039;Up Solution","og_url":"https:\/\/lazerupsolution.com\/index.php\/page-de-reservation-canna\/","og_site_name":"Lazer&#039;Up Solution","article_modified_time":"2026-02-13T18:05:01+00:00","twitter_card":"summary_large_image","schema":{"@context":"https:\/\/schema.org","@graph":[{"@type":"WebPage","@id":"https:\/\/lazerupsolution.com\/index.php\/page-de-reservation-canna\/","url":"https:\/\/lazerupsolution.com\/index.php\/page-de-reservation-canna\/","name":"page de reservation canna - Lazer&#039;Up Solution","isPartOf":{"@id":"https:\/\/lazerupsolution.com\/#website"},"datePublished":"2026-02-13T18:03:32+00:00","dateModified":"2026-02-13T18:05:01+00:00","breadcrumb":{"@id":"https:\/\/lazerupsolution.com\/index.php\/page-de-reservation-canna\/#breadcrumb"},"inLanguage":"fr-FR","potentialAction":[{"@type":"ReadAction","target":["https:\/\/lazerupsolution.com\/index.php\/page-de-reservation-canna\/"]}]},{"@type":"BreadcrumbList","@id":"https:\/\/lazerupsolution.com\/index.php\/page-de-reservation-canna\/#breadcrumb","itemListElement":[{"@type":"ListItem","position":1,"name":"Accueil","item":"https:\/\/lazerupsolution.com\/"},{"@type":"ListItem","position":2,"name":"page de reservation canna"}]},{"@type":"WebSite","@id":"https:\/\/lazerupsolution.com\/#website","url":"https:\/\/lazerupsolution.com\/","name":"Lazer&#039;Up Solution","description":"Le centre th\u00e9rapeutique sp\u00e9cialis\u00e9 dans le traitement des addictions","publisher":{"@id":"https:\/\/lazerupsolution.com\/#organization"},"potentialAction":[{"@type":"SearchAction","target":{"@type":"EntryPoint","urlTemplate":"https:\/\/lazerupsolution.com\/?s={search_term_string}"},"query-input":{"@type":"PropertyValueSpecification","valueRequired":true,"valueName":"search_term_string"}}],"inLanguage":"fr-FR"},{"@type":"Organization","@id":"https:\/\/lazerupsolution.com\/#organization","name":"Lazer&#039;Up Solution","url":"https:\/\/lazerupsolution.com\/","logo":{"@type":"ImageObject","inLanguage":"fr-FR","@id":"https:\/\/lazerupsolution.com\/#\/schema\/logo\/image\/","url":"https:\/\/lazerupsolution.com\/wp-content\/uploads\/2025\/04\/Plan-de-travail-9_2.png","contentUrl":"https:\/\/lazerupsolution.com\/wp-content\/uploads\/2025\/04\/Plan-de-travail-9_2.png","width":2470,"height":993,"caption":"Lazer&#039;Up Solution"},"image":{"@id":"https:\/\/lazerupsolution.com\/#\/schema\/logo\/image\/"}}]}},"_links":{"self":[{"href":"https:\/\/lazerupsolution.com\/index.php\/wp-json\/wp\/v2\/pages\/4434","targetHints":{"allow":["GET"]}}],"collection":[{"href":"https:\/\/lazerupsolution.com\/index.php\/wp-json\/wp\/v2\/pages"}],"about":[{"href":"https:\/\/lazerupsolution.com\/index.php\/wp-json\/wp\/v2\/types\/page"}],"author":[{"embeddable":true,"href":"https:\/\/lazerupsolution.com\/index.php\/wp-json\/wp\/v2\/users\/1"}],"replies":[{"embeddable":true,"href":"https:\/\/lazerupsolution.com\/index.php\/wp-json\/wp\/v2\/comments?post=4434"}],"version-history":[{"count":0,"href":"https:\/\/lazerupsolution.com\/index.php\/wp-json\/wp\/v2\/pages\/4434\/revisions"}],"wp:attachment":[{"href":"https:\/\/lazerupsolution.com\/index.php\/wp-json\/wp\/v2\/media?parent=4434"}],"curies":[{"name":"wp","href":"https:\/\/api.w.org\/{rel}","templated":true}]}}